{"id":117,"date":"2022-03-14T11:23:00","date_gmt":"2022-03-14T10:23:00","guid":{"rendered":"https:\/\/pttz.wroclaw.pl\/?page_id=117"},"modified":"2026-03-24T12:39:41","modified_gmt":"2026-03-24T11:39:41","slug":"konferencje-naukowe","status":"publish","type":"page","link":"https:\/\/pttz.wroclaw.pl\/en\/konferencje-naukowe\/","title":{"rendered":"Konferencje naukowe wsp\u00f3\u0142organizowane\/pod patronatem OW PTT\u017b"},"content":{"rendered":"<p><strong>ROK 2026<\/strong><\/p>\n\n\n\n<p><strong>Konferencja BRIA<\/strong><\/p>\n\n\n\n<p>Serdecznie zapraszamy do udzia\u0142u w mi\u0119dzynarodowej konferencji naukowej Biotechnology &#8211; Research and Industrial Applications (BRIA 2026), wsp\u00f3\u0142organizowanej przez wroc\u0142awski Oddzia\u0142 PTT\u017b.<\/p>\n\n\n\n<p>Konferencja odb\u0119dzie si\u0119 w dniach 17-18 wrze\u015bnia 2026 r. w Hotelu Ibis Styles Wroc\u0142aw Centrum (Plac Konstytucji 3 Maja, Wroc\u0142aw).<\/p>\n\n\n\n<p>Konferencja BRIA stanowi forum wymiany do\u015bwiadcze\u0144 oraz prezentacji najnowszych wynik\u00f3w bada\u0144 z zakresu szeroko rozumianej biotechnologii (w tym tak\u017ce biotechnologii \u017cywno\u015bci) i nauk pokrewnych. Tegoroczna edycja obejmuje nast\u0119puj\u0105ce obszary tematyczne:<\/p>\n\n\n\n<ul class=\"wp-block-list\">\n<li>Mikroorganizmy<\/li>\n\n\n\n<li>Biotechnologia stosowana<\/li>\n\n\n\n<li>Biosynteza, biodegradacja, biotransformacja<\/li>\n\n\n\n<li>Biotechnologia ro\u015blin<\/li>\n<\/ul>\n\n\n\n\n\n<p>Rejestracja na konferencj\u0119 zosta\u0142a ju\u017c otwarta.<br>Op\u0142ata konferencyjna wynosi:<\/p>\n\n\n\n<ul class=\"wp-block-list\">\n<li>1100 z\u0142 (260 EUR) &#8211;  pracownicy naukowi<\/li>\n\n\n\n<li>900 z\u0142 (220 EUR) &#8211; studenci i doktoranci<\/li>\n<\/ul>\n\n\n\n\n\n<p>Szczeg\u00f3\u0142owe informacje, formularz rejestracyjny oraz aktualno\u015bci dost\u0119pne s\u0105 na stronie konferencji:<br>\ud83d\udd17 https:\/\/briaconference.wordpress.com\/<\/p>\n\n\n\n<p>Zapraszamy r\u00f3wnie\u017c do \u015bledzenia profilu wydarzenia na Facebooku:<br>\ud83d\udd17 https:\/\/www.facebook.com\/briaconf2026<\/p>\n\n\n\n<p><\/p>\n\n\n\n<p><strong>Konferencja BIOACTIVE2026<\/strong><\/p>\n\n\n\n<p>Informujemy, \u017ce konferencja BIOACTIVE2026 (https:\/\/bioactive.inbiowal.eu\/) odb\u0119dzie si\u0119 w dniach 28\u201329 maja (czwartek\u2013pi\u0105tek) we Wroc\u0142awiu. Wydarzenie jest obj\u0119te patronatem Polskiego Towarzystwa Technolog\u00f3w \u017bywno\u015bci (PTT\u017b).<\/p>\n\n\n\n<p>Rejestracja odbywa si\u0119 za po\u015brednictwem strony internetowej konferencji:<br>https:\/\/bioactive.inbiowal.eu\/<\/p>\n\n\n\n<p>Termin rejestracji to 22 marca. Uprzejmie prosimy o dokonanie zg\u0142oszenia w wyznaczonym terminie. Liczba miejsc jest ograniczona do 100 uczestnik\u00f3w, dlatego o udziale decyduje kolejno\u015b\u0107 rejestracji.<\/p>\n\n\n\n<p>Op\u0142ata konferencyjna zostanie w ca\u0142o\u015bci pokryta przez projekt INBIOWAL (https:\/\/inbiowal.eu\/).<\/p>\n\n\n\n<p>Wkr\u00f3tce przeka\u017cemy szczeg\u00f3\u0142owe informacje dotycz\u0105ce hotelu, w kt\u00f3rym odb\u0119dzie si\u0119 konferencja, aby mogli Pa\u0144stwo samodzielnie dokona\u0107 rezerwacji noclegu bezpo\u015brednio przez stron\u0119 internetow\u0105 obiektu.<\/p>\n\n\n\n<p>W razie pyta\u0144 pozostajemy do dyspozycji.<br>dr hab. in\u017c. Filip Boraty\u0144ski, profesor UPWr<\/p>\n\n\n\n<p>kontakt: bioactive@upwr.edu.pl<\/p>\n\n\n\n<p><\/p>\n\n\n\n<p><strong>ROK 2024<\/strong><\/p>\n\n\n\n<p><\/p>\n\n\n\n<p class=\"has-text-align-center\"><\/p>\n\n\n\n<p><\/p>\n\n\n\n<p><\/p>\n\n\n\n<p><\/p>\n\n\n\n<p class=\"has-text-align-center\"><a href=\"https:\/\/www.amigo.wroc.pl\/index.php\/1st-international-scientific-conference-tourism-food-health-25-26-october-2024-wroclaw-poland\/\" data-type=\"link\" data-id=\"https:\/\/www.amigo.wroc.pl\/index.php\/1st-international-scientific-conference-tourism-food-health-25-26-october-2024-wroclaw-poland\/\" target=\"_blank\" rel=\"noopener\">I Mi\u0119dzynarodowa Konferencja Naukowa: Doskonalenie jako\u015bci us\u0142ug przewodnickich<br>\u201eTurystyka-\u017bywno\u015b\u0107-Zdrowie\u201d<\/a><\/p>\n\n\n\n<p>Oddzia\u0142 Wroc\u0142awski PTT\u017b patronuje Konferencji z cyklu \u2013 produkty turystyczne podwy\u017cszaj\u0105ce jako\u015b\u0107 us\u0142ug turystycznych: \u201eDoskonalenie jako\u015bci us\u0142ug przewodnickich w aspekcie mi\u0119dzynarodowym\u201d<\/p>\n\n\n\n<p>Konferencja odb\u0119dzie si\u0119 w dniach 25-26.10.2024 na terenie Uniwersytetu Ekonomicznego we Wroc\u0142awiu.<\/p>\n\n\n\n<figure class=\"wp-block-image size-full\"><img loading=\"lazy\" decoding=\"async\" width=\"568\" height=\"762\" src=\"https:\/\/pttz.wroclaw.pl\/wp-content\/uploads\/2024\/10\/pttz-konf-turystyczna.png\" alt=\"\" class=\"wp-image-294\" srcset=\"https:\/\/pttz.wroclaw.pl\/wp-content\/uploads\/2024\/10\/pttz-konf-turystyczna.png 568w, https:\/\/pttz.wroclaw.pl\/wp-content\/uploads\/2024\/10\/pttz-konf-turystyczna-224x300.png 224w, https:\/\/pttz.wroclaw.pl\/wp-content\/uploads\/2024\/10\/pttz-konf-turystyczna-9x12.png 9w\" sizes=\"auto, (max-width: 568px) 100vw, 568px\" \/><\/figure>\n\n\n\n<p class=\"has-text-align-center\"><strong><a href=\"https:\/\/oiw.upwr.edu.pl\/\" target=\"_blank\" rel=\"noopener\">XIV Konferencja Technolog\u00f3w Przetw\u00f3rstwa Owoc\u00f3w i Warzyw<\/a><\/strong><\/p>\n\n\n\n<p>20-22 maja 2024 r.  Krzy\u017cowa<\/p>\n\n\n\n<p>Organizator:<\/p>\n\n\n\n<p>Katedra Technologii Owoc\u00f3w, Warzyw i Nutraceutyk\u00f3w Ro\u015blinnych Uniwersytet Przyrodniczy we Wroc\u0142awiu<\/p>\n\n\n\n<p>Sekcja Technologii Owoc\u00f3w i Warzyw PTT\u017b<\/p>\n\n\n\n<p>Polskie Towarzystwo Technolog\u00f3w \u017bywno\u015bci Oddzia\u0142 Wroc\u0142awski<\/p>\n\n\n\n<figure class=\"wp-block-image size-full\"><a href=\"https:\/\/oiw.upwr.edu.pl\/\" target=\"_blank\" rel=\"noopener\"><img loading=\"lazy\" decoding=\"async\" width=\"858\" height=\"393\" src=\"https:\/\/pttz.wroclaw.pl\/wp-content\/uploads\/2024\/04\/konf-ow_waw.png\" alt=\"\" class=\"wp-image-276\" srcset=\"https:\/\/pttz.wroclaw.pl\/wp-content\/uploads\/2024\/04\/konf-ow_waw.png 858w, https:\/\/pttz.wroclaw.pl\/wp-content\/uploads\/2024\/04\/konf-ow_waw-300x137.png 300w, https:\/\/pttz.wroclaw.pl\/wp-content\/uploads\/2024\/04\/konf-ow_waw-768x352.png 768w, https:\/\/pttz.wroclaw.pl\/wp-content\/uploads\/2024\/04\/konf-ow_waw-18x8.png 18w\" sizes=\"auto, (max-width: 767px) 89vw, (max-width: 1000px) 54vw, (max-width: 1071px) 543px, 580px\" \/><\/a><\/figure>\n\n\n\n<hr class=\"wp-block-separator has-alpha-channel-opacity is-style-dots\"\/>\n\n\n\n<p class=\"has-text-align-center\"><strong>IV Mi\u0119dzynarodowa Konferencja &#8222;International Conference: Biotechnology &#8211; Research and Industrial Applications <a href=\"https:\/\/enbriaconference.wordpress.com\/\" target=\"_blank\" rel=\"noopener\">BRIA &#8211; 2024<\/a>&#8222;<\/strong><\/p>\n\n\n\n<p>12-13 wrze\u015bnia 2024 r., Wroc\u0142aw<\/p>\n\n\n\n<p>Organizator:<\/p>\n\n\n\n<p>Wydzia\u0142 Biotechnologii i Nauk o \u017bywno\u015bci Uniwersytet Przyrodniczy we Wroc\u0142awiu<\/p>\n\n\n\n<p>Polskie Towarzystwo Technolog\u00f3w \u017bywno\u015bci Oddzia\u0142 Wroc\u0142awski<\/p>\n\n\n\n<figure class=\"wp-block-image size-full\"><a href=\"https:\/\/enbriaconference.wordpress.com\/\" target=\"_blank\" rel=\"noopener\"><img loading=\"lazy\" decoding=\"async\" width=\"500\" height=\"480\" src=\"https:\/\/pttz.wroclaw.pl\/wp-content\/uploads\/2024\/04\/Bria-2024.png\" alt=\"\" class=\"wp-image-273\" srcset=\"https:\/\/pttz.wroclaw.pl\/wp-content\/uploads\/2024\/04\/Bria-2024.png 500w, https:\/\/pttz.wroclaw.pl\/wp-content\/uploads\/2024\/04\/Bria-2024-300x288.png 300w, https:\/\/pttz.wroclaw.pl\/wp-content\/uploads\/2024\/04\/Bria-2024-13x12.png 13w\" sizes=\"auto, (max-width: 500px) 100vw, 500px\" \/><\/a><\/figure>\n\n\n\n<hr class=\"wp-block-separator has-alpha-channel-opacity is-style-dots\"\/>\n\n\n\n<p><strong>X Mi\u0119dzynarodowa Konferencja &#8222;Quality and Safety in Food Production Chain&#8221;<\/strong><\/p>\n\n\n\n<p>12-13 wrze\u015bnia 2024 r., Wroc\u0142aw<\/p>\n\n\n\n<p>Organizator:<\/p>\n\n\n\n<p>Katedra Rozwoju Funkcjonalnych Produkt\u00f3w \u017bywno\u015bciowych Uniwersytet Przyrodniczy we Wroc\u0142awiu<\/p>\n\n\n\n<p>Polskie Towarzystwo Technolog\u00f3w \u017bywno\u015bci<\/p>\n\n\n\n\n\n<hr class=\"wp-block-separator has-alpha-channel-opacity is-style-dots\"\/>\n\n\n\n<p><\/p>\n\n\n\n<p><\/p>\n\n\n\n<p class=\"has-text-align-center\"><strong><a href=\"https:\/\/www.noz.wroclaw.pl\/\" target=\"_blank\" rel=\"noopener\">IV Konferencja Naukowa z cyklu Nauka o \u017bbo\u017cach &#8222;Wsp\u00f3\u0142czesne trendy w produkcji i przetw\u00f3rstwie zb\u00f3\u017c&#8221;<\/a><\/strong><\/p>\n\n\n\n<p>19-20 wrze\u015bnia 2024 r., Trzebnica<\/p>\n\n\n\n<p>Organizator:<\/p>\n\n\n\n<p>Katedra Technologii Fermentacji i Zb\u00f3\u017c Uniwersytet Przyrodniczy we Wroc\u0142awiu<\/p>\n\n\n\n<p>Polskie Towarzystwo Technolog\u00f3w \u017bywno\u015bci Oddzia\u0142 Wroc\u0142awski<\/p>\n\n\n\n<figure class=\"wp-block-image size-full\"><a href=\"https:\/\/www.noz.wroclaw.pl\/\" target=\"_blank\" rel=\"noopener\"><img loading=\"lazy\" decoding=\"async\" width=\"938\" height=\"546\" src=\"https:\/\/pttz.wroclaw.pl\/wp-content\/uploads\/2024\/04\/Zrzut-ekranu-2024-02-06-134450.png\" alt=\"\" class=\"wp-image-277\" srcset=\"https:\/\/pttz.wroclaw.pl\/wp-content\/uploads\/2024\/04\/Zrzut-ekranu-2024-02-06-134450.png 938w, https:\/\/pttz.wroclaw.pl\/wp-content\/uploads\/2024\/04\/Zrzut-ekranu-2024-02-06-134450-300x175.png 300w, https:\/\/pttz.wroclaw.pl\/wp-content\/uploads\/2024\/04\/Zrzut-ekranu-2024-02-06-134450-768x447.png 768w, https:\/\/pttz.wroclaw.pl\/wp-content\/uploads\/2024\/04\/Zrzut-ekranu-2024-02-06-134450-18x10.png 18w\" sizes=\"auto, (max-width: 767px) 89vw, (max-width: 1000px) 54vw, (max-width: 1071px) 543px, 580px\" \/><\/a><\/figure>\n\n\n\n<hr class=\"wp-block-separator has-alpha-channel-opacity is-style-dots\"\/>\n\n\n\n<p class=\"has-text-align-center\"><strong>\u017bywno\u015b\u0107 Jutra<\/strong><\/p>\n\n\n\n<p>FoodFakty Summit<\/p>\n\n\n\n<p>Wydarzenie odb\u0119dzie si\u0119 6-7 listopada 2024 r. w \u0141odzi.<\/p>\n\n\n\n<figure class=\"wp-block-image size-full\"><img loading=\"lazy\" decoding=\"async\" width=\"561\" height=\"351\" src=\"https:\/\/pttz.wroclaw.pl\/wp-content\/uploads\/2024\/04\/komunikat-.png\" alt=\"\" class=\"wp-image-289\" srcset=\"https:\/\/pttz.wroclaw.pl\/wp-content\/uploads\/2024\/04\/komunikat-.png 561w, https:\/\/pttz.wroclaw.pl\/wp-content\/uploads\/2024\/04\/komunikat--300x188.png 300w, https:\/\/pttz.wroclaw.pl\/wp-content\/uploads\/2024\/04\/komunikat--18x12.png 18w\" sizes=\"auto, (max-width: 561px) 100vw, 561px\" \/><\/figure>\n\n\n\n<hr class=\"wp-block-separator has-alpha-channel-opacity is-style-dots\"\/>\n\n\n\n<p><strong>ROK 2023<\/strong><\/p>\n\n\n\n<p>Konferencjach naukowe, kt\u00f3rych wsp\u00f3\u0142organizatorem jest Oddzia\u0142 Wroc\u0142awski PTT\u017b.<\/p>\n\n\n\n<p><a href=\"https:\/\/bioactiv.ptchem.pl\/\" data-type=\"link\" data-id=\"https:\/\/bioactiv.ptchem.pl\/\" target=\"_blank\" rel=\"noopener\">II Og\u00f3lnopolska Konferencja  Naukowa pt. \u201eBioaktywne zwi\u0105zki pochodzenia naturalnego\u201d<\/a>  9-10 pa\u017adziernika 2023  Trzebnica.<\/p>\n\n\n\n<figure class=\"wp-block-image size-large\"><a href=\"https:\/\/bioactiv.ptchem.pl\/\" target=\"_blank\" rel=\"noopener\"><img loading=\"lazy\" decoding=\"async\" width=\"1024\" height=\"552\" src=\"https:\/\/pttz.wroclaw.pl\/wp-content\/uploads\/2023\/08\/1686906896525-1024x552.jpg\" alt=\"\" class=\"wp-image-258\" srcset=\"https:\/\/pttz.wroclaw.pl\/wp-content\/uploads\/2023\/08\/1686906896525-1024x552.jpg 1024w, https:\/\/pttz.wroclaw.pl\/wp-content\/uploads\/2023\/08\/1686906896525-300x162.jpg 300w, https:\/\/pttz.wroclaw.pl\/wp-content\/uploads\/2023\/08\/1686906896525-768x414.jpg 768w, https:\/\/pttz.wroclaw.pl\/wp-content\/uploads\/2023\/08\/1686906896525-18x10.jpg 18w, https:\/\/pttz.wroclaw.pl\/wp-content\/uploads\/2023\/08\/1686906896525.jpg 1428w\" sizes=\"auto, (max-width: 767px) 89vw, (max-width: 1000px) 54vw, (max-width: 1071px) 543px, 580px\" \/><\/a><\/figure>\n\n\n\n<p><\/p>\n\n\n\n<p class=\"has-medium-font-size\">ROK 2022<\/p>\n\n\n\n<p class=\"has-text-align-center\">Mi\u0119dzynarodowe konferencje naukowe, kt\u00f3rych wsp\u00f3\u0142organizatorem by\u0142 Oddzia\u0142 Wroc\u0142awski PTT\u017b.<\/p>\n\n\n\n<p class=\"has-text-align-center has-medium-font-size\"><a href=\"https:\/\/nbdc2022.upwr.edu.pl\/\" target=\"_blank\" rel=\"noopener\"><\/a><a href=\"https:\/\/nbdc2022.upwr.edu.pl\/\" target=\"_blank\" rel=\"noopener\"><strong>4th Nordic Baltic Drying Conference<\/strong><\/a><\/p>\n\n\n\n<h2 class=\"wp-block-heading has-text-align-center has-medium-font-size\"><a href=\"https:\/\/enbriaconference.wordpress.com\" target=\"_blank\" rel=\"noopener\"><strong>Biotechnology \u2013 Research and Industrial&nbsp;Applications<\/strong><\/a><\/h2>\n\n\n\n<p><\/p>\n\n\n\n<p class=\"has-text-align-center has-medium-font-size\"><a href=\"https:\/\/enqualityconference.wordpress.com\/\" target=\"_blank\" rel=\"noopener\"><strong>Quality and Safety in Food Production Chain 2022<\/strong><\/a><\/p>","protected":false},"excerpt":{"rendered":"<p>ROK 2026 Konferencja BRIA Serdecznie zapraszamy do udzia\u0142u w mi\u0119dzynarodowej konferencji naukowej Biotechnology &#8211; Research and Industrial Applications (BRIA 2026), wsp\u00f3\u0142organizowanej przez wroc\u0142awski Oddzia\u0142 PTT\u017b. Konferencja odb\u0119dzie si\u0119 w dniach 17-18 wrze\u015bnia 2026 r. w Hotelu Ibis Styles Wroc\u0142aw Centrum (Plac Konstytucji 3 Maja, Wroc\u0142aw). Konferencja BRIA stanowi forum wymiany do\u015bwiadcze\u0144 oraz prezentacji najnowszych wynik\u00f3w &hellip; <\/p>\n<p class=\"link-more\"><a href=\"https:\/\/pttz.wroclaw.pl\/en\/konferencje-naukowe\/\" class=\"more-link\">Continue reading<span class=\"screen-reader-text\"> &#8222;Konferencje naukowe wsp\u00f3\u0142organizowane\/pod patronatem OW PTT\u017b&#8221;<\/span><\/a><\/p>","protected":false},"author":3,"featured_media":0,"parent":0,"menu_order":0,"comment_status":"closed","ping_status":"closed","template":"","meta":{"footnotes":""},"class_list":["post-117","page","type-page","status-publish","hentry"],"_links":{"self":[{"href":"https:\/\/pttz.wroclaw.pl\/en\/wp-json\/wp\/v2\/pages\/117","targetHints":{"allow":["GET"]}}],"collection":[{"href":"https:\/\/pttz.wroclaw.pl\/en\/wp-json\/wp\/v2\/pages"}],"about":[{"href":"https:\/\/pttz.wroclaw.pl\/en\/wp-json\/wp\/v2\/types\/page"}],"author":[{"embeddable":true,"href":"https:\/\/pttz.wroclaw.pl\/en\/wp-json\/wp\/v2\/users\/3"}],"replies":[{"embeddable":true,"href":"https:\/\/pttz.wroclaw.pl\/en\/wp-json\/wp\/v2\/comments?post=117"}],"version-history":[{"count":29,"href":"https:\/\/pttz.wroclaw.pl\/en\/wp-json\/wp\/v2\/pages\/117\/revisions"}],"predecessor-version":[{"id":337,"href":"https:\/\/pttz.wroclaw.pl\/en\/wp-json\/wp\/v2\/pages\/117\/revisions\/337"}],"wp:attachment":[{"href":"https:\/\/pttz.wroclaw.pl\/en\/wp-json\/wp\/v2\/media?parent=117"}],"curies":[{"name":"wp","href":"https:\/\/api.w.org\/{rel}","templated":true}]}}