{"id":61,"date":"2022-04-26T19:56:44","date_gmt":"2022-04-26T17:56:44","guid":{"rendered":"http:\/\/wnoz.up.wroc.pl\/pttz\/?page_id=61"},"modified":"2024-04-05T11:24:18","modified_gmt":"2024-04-05T09:24:18","slug":"historia-oddzialu","status":"publish","type":"page","link":"https:\/\/pttz.wroclaw.pl\/en\/historia-oddzialu\/","title":{"rendered":"Historia Oddzia\u0142u"},"content":{"rendered":"<p>Oddzia\u0142 Wroc\u0142awski utworzony zosta\u0142 w 23 pa\u017adziernika 1990 roku skupiaj\u0105c przede wszystkim pracownik\u00f3w \u00f3wczesnego Wydzia\u0142u Technologii \u017bywno\u015bci Akademii Rolniczej we Wroc\u0142awiu i Wydzia\u0142u In\u017cynieryjno-Technicznego Akademii Ekonomicznej we Wroc\u0142awiu. W pocz\u0105tkowym okresie dzia\u0142alno\u015bci Towarzystwa cz\u0142onkami zostali r\u00f3wnie\u017c nauczycieli szk\u00f3\u0142 \u015brednich oraz przedstawiciele jednostek gospodarczych a cz\u0142onkiem wspieraj\u0105cym Dolno\u015bl\u0105skie Browary \u201ePiast\u201d. Towarzystwo liczy\u0142o w\u00f3wczas oko\u0142o 70 os\u00f3b.<\/p>\n\n\n\n<p>W kolejnych latach liczba cz\u0142onk\u00f3w zwi\u0119kszy\u0142a si\u0119 do ponad 80 i na tym poziomie utrzymuje si\u0119 do dnia obecnego. Prezesami Oddzia\u0142u Wroc\u0142awskiego w kolejnych kadencjach byli:<\/p>\n\n\n\n<ul class=\"wp-block-list\">\n<li>1990 \u2013 1996 \u2013 prof. dr hab. Teresa Skrabka-B\u0142otnicka<\/li>\n\n\n\n<li>1997 \u2013 2002 \u2013 prof. dr hab. Teresa Smoli\u0144ska<\/li>\n\n\n\n<li>2003 \u2013 2009 \u2013 prof. dr hab. Zygmunt Gil<\/li>\n\n\n\n<li>2010 \u2013 2015 \u2013 prof. dr hab. in\u017c. Agnieszka Kita<\/li>\n\n\n\n<li>2016 \u2013 2021 \u2013 prof. dr hab. in\u017c. Joanna Kawa-Rygielska<\/li>\n\n\n\n<li>2022\u2013 obecnie dr in\u017c. Anna Kancelista<\/li>\n<\/ul>\n\n\n\n<p>W prawie 20-letniej historii Oddzia\u0142 Wroc\u0142awski PTT\u017b zorganizowa\u0142 kilkadziesi\u0105t zebra\u0144 naukowych (ponad 70) oraz by\u0142 organizatorem lub wsp\u00f3\u0142organizatorem kilkunastu konferencji i seminari\u00f3w naukowych.<\/p>\n\n\n\n<p>Na wniosek Oddzia\u0142u Wroc\u0142awskiego Cz\u0142onkami Honorowymi Towarzystwa zostali:<\/p>\n\n\n\n<ul class=\"wp-block-list\">\n<li>Prof. dr hab. dr h.c. Wac\u0142aw Leszczy\u0144ski<\/li>\n\n\n\n<li>Prof. dr hab. dr h.c. Mieczys\u0142aw Pa\u0142asi\u0144ski<\/li>\n<\/ul>\n\n\n\n<p>a Z\u0142otymi Odznakami uhonorowane zosta\u0142y:<\/p>\n\n\n\n<ul class=\"wp-block-list\">\n<li>Prof. dr hab. Teresa Smoli\u0144ska<\/li>\n\n\n\n<li>Prof. dr hab. Teresa Skrabka-B\u0142otnicka<\/li>\n<\/ul>\n\n\n\n<p>Tradycj\u0105 Oddzia\u0142u Wroc\u0142awskiego sta\u0142y si\u0119 tak\u017ce integracyjne spotkania plenerowe cz\u0142onk\u00f3w i sympatyk\u00f3w PTT\u017b organizowane corocznie w Centrum Kszta\u0142cenia Ustawicznego Uniwersytetu Przyrodniczego we Wroc\u0142awiu w Paw\u0142owicach.<\/p>","protected":false},"excerpt":{"rendered":"<p>Oddzia\u0142 Wroc\u0142awski utworzony zosta\u0142 w 23 pa\u017adziernika 1990 roku skupiaj\u0105c przede wszystkim pracownik\u00f3w \u00f3wczesnego Wydzia\u0142u Technologii \u017bywno\u015bci Akademii Rolniczej we Wroc\u0142awiu i Wydzia\u0142u In\u017cynieryjno-Technicznego Akademii Ekonomicznej we Wroc\u0142awiu. W pocz\u0105tkowym okresie dzia\u0142alno\u015bci Towarzystwa cz\u0142onkami zostali r\u00f3wnie\u017c nauczycieli szk\u00f3\u0142 \u015brednich oraz przedstawiciele jednostek gospodarczych a cz\u0142onkiem wspieraj\u0105cym Dolno\u015bl\u0105skie Browary \u201ePiast\u201d. Towarzystwo liczy\u0142o w\u00f3wczas oko\u0142o 70 os\u00f3b. &hellip; <\/p>\n<p class=\"link-more\"><a href=\"https:\/\/pttz.wroclaw.pl\/en\/historia-oddzialu\/\" class=\"more-link\">Continue reading<span class=\"screen-reader-text\"> &#8222;Historia Oddzia\u0142u&#8221;<\/span><\/a><\/p>","protected":false},"author":1,"featured_media":65,"parent":0,"menu_order":0,"comment_status":"closed","ping_status":"closed","template":"","meta":{"footnotes":""},"class_list":["post-61","page","type-page","status-publish","has-post-thumbnail","hentry"],"_links":{"self":[{"href":"https:\/\/pttz.wroclaw.pl\/en\/wp-json\/wp\/v2\/pages\/61","targetHints":{"allow":["GET"]}}],"collection":[{"href":"https:\/\/pttz.wroclaw.pl\/en\/wp-json\/wp\/v2\/pages"}],"about":[{"href":"https:\/\/pttz.wroclaw.pl\/en\/wp-json\/wp\/v2\/types\/page"}],"author":[{"embeddable":true,"href":"https:\/\/pttz.wroclaw.pl\/en\/wp-json\/wp\/v2\/users\/1"}],"replies":[{"embeddable":true,"href":"https:\/\/pttz.wroclaw.pl\/en\/wp-json\/wp\/v2\/comments?post=61"}],"version-history":[{"count":3,"href":"https:\/\/pttz.wroclaw.pl\/en\/wp-json\/wp\/v2\/pages\/61\/revisions"}],"predecessor-version":[{"id":287,"href":"https:\/\/pttz.wroclaw.pl\/en\/wp-json\/wp\/v2\/pages\/61\/revisions\/287"}],"wp:featuredmedia":[{"embeddable":true,"href":"https:\/\/pttz.wroclaw.pl\/en\/wp-json\/wp\/v2\/media\/65"}],"wp:attachment":[{"href":"https:\/\/pttz.wroclaw.pl\/en\/wp-json\/wp\/v2\/media?parent=61"}],"curies":[{"name":"wp","href":"https:\/\/api.w.org\/{rel}","templated":true}]}}