{"id":76,"date":"2022-04-26T20:36:31","date_gmt":"2022-04-26T18:36:31","guid":{"rendered":"http:\/\/wnoz.up.wroc.pl\/pttz\/?page_id=76"},"modified":"2024-12-27T23:17:09","modified_gmt":"2024-12-27T22:17:09","slug":"kontakt","status":"publish","type":"page","link":"https:\/\/pttz.wroclaw.pl\/en\/kontakt\/","title":{"rendered":"Kontakt"},"content":{"rendered":"<p>Wszelkie pytania zwi\u0105zane z dzia\u0142alno\u015bci\u0105 Oddzia\u0142u Wroc\u0142awskiego PTT\u017b prosimy kierowa\u0107 na adres: <a href=\"mailto:pttz.wroc@gmail.com\">pttz.wroc@gmail.com<\/a> lub bezpo\u015brednio do cz\u0142onk\u00f3w Zarz\u0105du:<\/p>\n\n\n\n<h3 class=\"wp-block-heading\"><strong>Prezes: dr in\u017c. Anna Kancelista<\/strong><\/h3>\n\n\n\n<p>Katedra Biotechnologii i Mikrobiologii \u017bywno\u015bci<\/p>\n\n\n\n<p> Uniwersytet Przyrodniczy we Wroc\u0142awiu,<\/p>\n\n\n\n<p> ul. J. Che\u0142mo\u0144skiego 37, 51-630 Wroc\u0142aw,<\/p>\n\n\n\n<p> tel.: 71 320 77 35<\/p>\n\n\n\n<p>e-mail: anna.kancelista@upwr.edu.pl <\/p>\n\n\n\n<hr class=\"wp-block-separator has-text-color has-luminous-vivid-amber-color has-css-opacity has-luminous-vivid-amber-background-color has-background aligncenter is-style-wide\"\/>\n\n\n\n<h3 class=\"wp-block-heading\"><strong>Z-ca Prezesa: dr in\u017c. Gabriela Iwona Haraf<\/strong><\/h3>\n\n\n\n<p>Katedra Technologii \u017bywno\u015bci i \u017bywienia<\/p>\n\n\n\n<p> Uniwersytet Ekonomiczny,<\/p>\n\n\n\n<p> ul. Komandorska 118\/120, 53-345, Wroc\u0142aw,<\/p>\n\n\n\n<p> tel.: 71 36 80 265<\/p>\n\n\n\n<p>e-mail: gabriela.haraf@ue.wroc.pl<\/p>\n\n\n\n<hr class=\"wp-block-separator has-text-color has-luminous-vivid-amber-color has-css-opacity has-luminous-vivid-amber-background-color has-background aligncenter is-style-wide\"\/>\n\n\n\n<h3 class=\"wp-block-heading\"><strong>Sekretarz: dr hab. in\u017c. Ma\u0142gorzata Kapelko-\u017beberska, prof. uczelni<\/strong><\/h3>\n\n\n\n<p>tel.: 71 320 77 65 <\/p>\n\n\n\n<p>e-mail: malgorzata.kapelko@upwr.edu.pl <\/p>\n\n\n\n<hr class=\"wp-block-separator has-text-color has-luminous-vivid-amber-color has-css-opacity has-luminous-vivid-amber-background-color has-background aligncenter is-style-wide\"\/>\n\n\n\n<h3 class=\"wp-block-heading\"><strong>Skarbnik: dr hab. in\u017c. Anna Salejda<\/strong><\/h3>\n\n\n\n<p>tel.: 71 320 77 73<\/p>\n\n\n\n<p>e-mail: <a href=\"http:\/\/wnoz.up.wroc.pl\/pttzow\/malgorzata.korzeniowska@up.wroc.pl\" target=\"_blank\" rel=\"noopener\">anna.salejda@upwr.edu.pl<\/a><\/p>\n\n\n\n<p><\/p>","protected":false},"excerpt":{"rendered":"<p>Wszelkie pytania zwi\u0105zane z dzia\u0142alno\u015bci\u0105 Oddzia\u0142u Wroc\u0142awskiego PTT\u017b prosimy kierowa\u0107 na adres: pttz.wroc@gmail.com lub bezpo\u015brednio do cz\u0142onk\u00f3w Zarz\u0105du: Prezes: dr in\u017c. Anna Kancelista Katedra Biotechnologii i Mikrobiologii \u017bywno\u015bci Uniwersytet Przyrodniczy we Wroc\u0142awiu, ul. J. Che\u0142mo\u0144skiego 37, 51-630 Wroc\u0142aw, tel.: 71 320 77 35 e-mail: anna.kancelista@upwr.edu.pl Z-ca Prezesa: dr in\u017c. Gabriela Iwona Haraf Katedra Technologii \u017bywno\u015bci &hellip; <\/p>\n<p class=\"link-more\"><a href=\"https:\/\/pttz.wroclaw.pl\/en\/kontakt\/\" class=\"more-link\">Continue reading<span class=\"screen-reader-text\"> &#8222;Kontakt&#8221;<\/span><\/a><\/p>","protected":false},"author":1,"featured_media":84,"parent":0,"menu_order":0,"comment_status":"closed","ping_status":"closed","template":"","meta":{"footnotes":""},"class_list":["post-76","page","type-page","status-publish","has-post-thumbnail","hentry"],"_links":{"self":[{"href":"https:\/\/pttz.wroclaw.pl\/en\/wp-json\/wp\/v2\/pages\/76","targetHints":{"allow":["GET"]}}],"collection":[{"href":"https:\/\/pttz.wroclaw.pl\/en\/wp-json\/wp\/v2\/pages"}],"about":[{"href":"https:\/\/pttz.wroclaw.pl\/en\/wp-json\/wp\/v2\/types\/page"}],"author":[{"embeddable":true,"href":"https:\/\/pttz.wroclaw.pl\/en\/wp-json\/wp\/v2\/users\/1"}],"replies":[{"embeddable":true,"href":"https:\/\/pttz.wroclaw.pl\/en\/wp-json\/wp\/v2\/comments?post=76"}],"version-history":[{"count":10,"href":"https:\/\/pttz.wroclaw.pl\/en\/wp-json\/wp\/v2\/pages\/76\/revisions"}],"predecessor-version":[{"id":300,"href":"https:\/\/pttz.wroclaw.pl\/en\/wp-json\/wp\/v2\/pages\/76\/revisions\/300"}],"wp:featuredmedia":[{"embeddable":true,"href":"https:\/\/pttz.wroclaw.pl\/en\/wp-json\/wp\/v2\/media\/84"}],"wp:attachment":[{"href":"https:\/\/pttz.wroclaw.pl\/en\/wp-json\/wp\/v2\/media?parent=76"}],"curies":[{"name":"wp","href":"https:\/\/api.w.org\/{rel}","templated":true}]}}